{"id":1938,"date":"2020-06-25T10:10:14","date_gmt":"2020-06-25T08:10:14","guid":{"rendered":"https:\/\/www.techmira.com\/cleanyteeth\/?post_type=product&#038;p=1938"},"modified":"2025-05-07T11:43:02","modified_gmt":"2025-05-07T09:43:02","slug":"cleanyteeth-starter-kit-rosegold","status":"publish","type":"product","link":"https:\/\/www.techmira.com\/cleanyteeth\/cleanyteeth\/cleanyteeth-starter-kit-rosegold\/","title":{"rendered":"CleanyTeeth Starter-Kit ros\u00e9gold"},"content":{"rendered":"<div class=\"std\">Dieses Set enth\u00e4lt die Ultraschall-Zahnb\u00fcrste <strong>in Ros\u00e9gold<\/strong>, B\u00fcrstenk\u00f6pfe (3 St\u00fcck), ein Zahnputzgel mit Fluorid und ein USB-Ladekabel.<\/div>\n<div>Fluoridfreies Zahnputzgel k\u00f6nnen Sie dazu bestellen. <a href=\"https:\/\/www.techmira.com\/cleanyteeth\/cleanyteeth\/cleanyteeth-fluoridfreies-zahnputzgel-3er-pack\/\">Sie finden es hier<\/a>.<\/div>\n<div><\/div>\n<div>Das <a href=\"https:\/\/www.techmira.com\/cleanyteeth\/cleanyteeth\/peroxidfreies-aufhellungskit\/\">Peroxidfreie Zahnaufhellungskit<\/a> ist NICHT im Lieferumfang enthalten. Bitte kaufen Sie es separat.<\/div>\n<div class=\"std\">\n<p>Die Bedienungsanleitung ist in deutscher Sprache.<\/p>\n<p>Garantie: 24 Monate<\/p>\n<\/div>\n","protected":false},"excerpt":{"rendered":"<p>\u2714 Ros\u00e9gold-farbige Ultraschall Zahnb\u00fcrste<br \/>\n\u2714 Drei-Seitenkopf (1 St\u00fcck)<br \/>\n\u2714 Einer-B\u00fcrstenkopf (2 St\u00fcck)<br \/>\n\u2714 Zahnputzgel mit Fluorid<br \/>\n\u2714 USB-Ladekabel<br \/>\n\u2714 Bedienungsanleitung (Deutsch)<\/p>\n<p>Garantie: 24 Monate<\/p>\n","protected":false},"featured_media":3060,"template":"","meta":{"_acf_changed":false},"product_brand":[],"product_cat":[39],"product_tag":[],"class_list":{"0":"post-1938","1":"product","2":"type-product","3":"status-publish","4":"has-post-thumbnail","6":"product_cat-cleanyteeth","8":"first","9":"outofstock","10":"shipping-taxable","11":"purchasable","12":"product-type-simple"},"acf":[],"yoast_head":"<!-- This site is optimized with the Yoast SEO plugin v26.3 - https:\/\/yoast.com\/wordpress\/plugins\/seo\/ -->\n<title>CleanyTeeth Starter-Kit ros\u00e9gold - CleanyTeeth DE<\/title>\n<meta name=\"robots\" content=\"index, follow, max-snippet:-1, max-image-preview:large, max-video-preview:-1\" \/>\n<link rel=\"canonical\" href=\"https:\/\/www.techmira.com\/cleanyteeth\/cleanyteeth\/cleanyteeth-starter-kit-rosegold\/\" \/>\n<meta property=\"og:locale\" content=\"de_DE\" \/>\n<meta property=\"og:type\" content=\"article\" \/>\n<meta property=\"og:title\" content=\"CleanyTeeth Starter-Kit ros\u00e9gold - CleanyTeeth DE\" \/>\n<meta property=\"og:description\" content=\"\u2714 Ros\u00e9gold-farbige Ultraschall Zahnb\u00fcrste \u2714 Drei-Seitenkopf (1 St\u00fcck) \u2714 Einer-B\u00fcrstenkopf (2 St\u00fcck) \u2714 Zahnputzgel mit Fluorid \u2714 USB-Ladekabel \u2714 Bedienungsanleitung (Deutsch)  Garantie: 24 Monate\" \/>\n<meta property=\"og:url\" content=\"https:\/\/www.techmira.com\/cleanyteeth\/cleanyteeth\/cleanyteeth-starter-kit-rosegold\/\" \/>\n<meta property=\"og:site_name\" content=\"CleanyTeeth DE\" \/>\n<meta property=\"article:publisher\" content=\"https:\/\/www.facebook.com\/mirapet.international\/\" \/>\n<meta property=\"article:modified_time\" content=\"2025-05-07T09:43:02+00:00\" \/>\n<meta property=\"og:image\" content=\"https:\/\/www.techmira.com\/cleanyteeth\/wp-content\/uploads\/sites\/14\/2020\/07\/cleanyteeth_starterkit_rosegold_de_1000px-1.jpg\" \/>\n\t<meta property=\"og:image:width\" content=\"1000\" \/>\n\t<meta property=\"og:image:height\" content=\"1000\" \/>\n\t<meta property=\"og:image:type\" content=\"image\/jpeg\" \/>\n<meta name=\"twitter:card\" content=\"summary_large_image\" \/>\n<script type=\"application\/ld+json\" class=\"yoast-schema-graph\">{\"@context\":\"https:\/\/schema.org\",\"@graph\":[{\"@type\":\"WebPage\",\"@id\":\"https:\/\/www.techmira.com\/cleanyteeth\/cleanyteeth\/cleanyteeth-starter-kit-rosegold\/\",\"url\":\"https:\/\/www.techmira.com\/cleanyteeth\/cleanyteeth\/cleanyteeth-starter-kit-rosegold\/\",\"name\":\"CleanyTeeth Starter-Kit ros\u00e9gold - CleanyTeeth DE\",\"isPartOf\":{\"@id\":\"https:\/\/www.techmira.com\/cleanyteeth\/#website\"},\"primaryImageOfPage\":{\"@id\":\"https:\/\/www.techmira.com\/cleanyteeth\/cleanyteeth\/cleanyteeth-starter-kit-rosegold\/#primaryimage\"},\"image\":{\"@id\":\"https:\/\/www.techmira.com\/cleanyteeth\/cleanyteeth\/cleanyteeth-starter-kit-rosegold\/#primaryimage\"},\"thumbnailUrl\":\"https:\/\/www.techmira.com\/cleanyteeth\/wp-content\/uploads\/sites\/14\/2020\/07\/cleanyteeth_starterkit_rosegold_de_1000px-1.jpg\",\"datePublished\":\"2020-06-25T08:10:14+00:00\",\"dateModified\":\"2025-05-07T09:43:02+00:00\",\"breadcrumb\":{\"@id\":\"https:\/\/www.techmira.com\/cleanyteeth\/cleanyteeth\/cleanyteeth-starter-kit-rosegold\/#breadcrumb\"},\"inLanguage\":\"de\",\"potentialAction\":[{\"@type\":\"ReadAction\",\"target\":[\"https:\/\/www.techmira.com\/cleanyteeth\/cleanyteeth\/cleanyteeth-starter-kit-rosegold\/\"]}]},{\"@type\":\"ImageObject\",\"inLanguage\":\"de\",\"@id\":\"https:\/\/www.techmira.com\/cleanyteeth\/cleanyteeth\/cleanyteeth-starter-kit-rosegold\/#primaryimage\",\"url\":\"https:\/\/www.techmira.com\/cleanyteeth\/wp-content\/uploads\/sites\/14\/2020\/07\/cleanyteeth_starterkit_rosegold_de_1000px-1.jpg\",\"contentUrl\":\"https:\/\/www.techmira.com\/cleanyteeth\/wp-content\/uploads\/sites\/14\/2020\/07\/cleanyteeth_starterkit_rosegold_de_1000px-1.jpg\",\"width\":1000,\"height\":1000},{\"@type\":\"BreadcrumbList\",\"@id\":\"https:\/\/www.techmira.com\/cleanyteeth\/cleanyteeth\/cleanyteeth-starter-kit-rosegold\/#breadcrumb\",\"itemListElement\":[{\"@type\":\"ListItem\",\"position\":1,\"name\":\"Shop\",\"item\":\"https:\/\/www.techmira.com\/cleanyteeth\/cleanyteeth\/\"},{\"@type\":\"ListItem\",\"position\":2,\"name\":\"CleanyTeeth Starter-Kit ros\u00e9gold\"}]},{\"@type\":\"WebSite\",\"@id\":\"https:\/\/www.techmira.com\/cleanyteeth\/#website\",\"url\":\"https:\/\/www.techmira.com\/cleanyteeth\/\",\"name\":\"CleanyTeeth DE\",\"description\":\"\",\"potentialAction\":[{\"@type\":\"SearchAction\",\"target\":{\"@type\":\"EntryPoint\",\"urlTemplate\":\"https:\/\/www.techmira.com\/cleanyteeth\/?s={search_term_string}\"},\"query-input\":{\"@type\":\"PropertyValueSpecification\",\"valueRequired\":true,\"valueName\":\"search_term_string\"}}],\"inLanguage\":\"de\"}]}<\/script>\n<!-- \/ Yoast SEO plugin. -->","yoast_head_json":{"title":"CleanyTeeth Starter-Kit ros\u00e9gold - CleanyTeeth DE","robots":{"index":"index","follow":"follow","max-snippet":"max-snippet:-1","max-image-preview":"max-image-preview:large","max-video-preview":"max-video-preview:-1"},"canonical":"https:\/\/www.techmira.com\/cleanyteeth\/cleanyteeth\/cleanyteeth-starter-kit-rosegold\/","og_locale":"de_DE","og_type":"article","og_title":"CleanyTeeth Starter-Kit ros\u00e9gold - CleanyTeeth DE","og_description":"\u2714 Ros\u00e9gold-farbige Ultraschall Zahnb\u00fcrste \u2714 Drei-Seitenkopf (1 St\u00fcck) \u2714 Einer-B\u00fcrstenkopf (2 St\u00fcck) \u2714 Zahnputzgel mit Fluorid \u2714 USB-Ladekabel \u2714 Bedienungsanleitung (Deutsch)  Garantie: 24 Monate","og_url":"https:\/\/www.techmira.com\/cleanyteeth\/cleanyteeth\/cleanyteeth-starter-kit-rosegold\/","og_site_name":"CleanyTeeth DE","article_publisher":"https:\/\/www.facebook.com\/mirapet.international\/","article_modified_time":"2025-05-07T09:43:02+00:00","og_image":[{"width":1000,"height":1000,"url":"https:\/\/www.techmira.com\/cleanyteeth\/wp-content\/uploads\/sites\/14\/2020\/07\/cleanyteeth_starterkit_rosegold_de_1000px-1.jpg","type":"image\/jpeg"}],"twitter_card":"summary_large_image","schema":{"@context":"https:\/\/schema.org","@graph":[{"@type":"WebPage","@id":"https:\/\/www.techmira.com\/cleanyteeth\/cleanyteeth\/cleanyteeth-starter-kit-rosegold\/","url":"https:\/\/www.techmira.com\/cleanyteeth\/cleanyteeth\/cleanyteeth-starter-kit-rosegold\/","name":"CleanyTeeth Starter-Kit ros\u00e9gold - CleanyTeeth DE","isPartOf":{"@id":"https:\/\/www.techmira.com\/cleanyteeth\/#website"},"primaryImageOfPage":{"@id":"https:\/\/www.techmira.com\/cleanyteeth\/cleanyteeth\/cleanyteeth-starter-kit-rosegold\/#primaryimage"},"image":{"@id":"https:\/\/www.techmira.com\/cleanyteeth\/cleanyteeth\/cleanyteeth-starter-kit-rosegold\/#primaryimage"},"thumbnailUrl":"https:\/\/www.techmira.com\/cleanyteeth\/wp-content\/uploads\/sites\/14\/2020\/07\/cleanyteeth_starterkit_rosegold_de_1000px-1.jpg","datePublished":"2020-06-25T08:10:14+00:00","dateModified":"2025-05-07T09:43:02+00:00","breadcrumb":{"@id":"https:\/\/www.techmira.com\/cleanyteeth\/cleanyteeth\/cleanyteeth-starter-kit-rosegold\/#breadcrumb"},"inLanguage":"de","potentialAction":[{"@type":"ReadAction","target":["https:\/\/www.techmira.com\/cleanyteeth\/cleanyteeth\/cleanyteeth-starter-kit-rosegold\/"]}]},{"@type":"ImageObject","inLanguage":"de","@id":"https:\/\/www.techmira.com\/cleanyteeth\/cleanyteeth\/cleanyteeth-starter-kit-rosegold\/#primaryimage","url":"https:\/\/www.techmira.com\/cleanyteeth\/wp-content\/uploads\/sites\/14\/2020\/07\/cleanyteeth_starterkit_rosegold_de_1000px-1.jpg","contentUrl":"https:\/\/www.techmira.com\/cleanyteeth\/wp-content\/uploads\/sites\/14\/2020\/07\/cleanyteeth_starterkit_rosegold_de_1000px-1.jpg","width":1000,"height":1000},{"@type":"BreadcrumbList","@id":"https:\/\/www.techmira.com\/cleanyteeth\/cleanyteeth\/cleanyteeth-starter-kit-rosegold\/#breadcrumb","itemListElement":[{"@type":"ListItem","position":1,"name":"Shop","item":"https:\/\/www.techmira.com\/cleanyteeth\/cleanyteeth\/"},{"@type":"ListItem","position":2,"name":"CleanyTeeth Starter-Kit ros\u00e9gold"}]},{"@type":"WebSite","@id":"https:\/\/www.techmira.com\/cleanyteeth\/#website","url":"https:\/\/www.techmira.com\/cleanyteeth\/","name":"CleanyTeeth DE","description":"","potentialAction":[{"@type":"SearchAction","target":{"@type":"EntryPoint","urlTemplate":"https:\/\/www.techmira.com\/cleanyteeth\/?s={search_term_string}"},"query-input":{"@type":"PropertyValueSpecification","valueRequired":true,"valueName":"search_term_string"}}],"inLanguage":"de"}]}},"_links":{"self":[{"href":"https:\/\/www.techmira.com\/cleanyteeth\/wp-json\/wp\/v2\/product\/1938","targetHints":{"allow":["GET"]}}],"collection":[{"href":"https:\/\/www.techmira.com\/cleanyteeth\/wp-json\/wp\/v2\/product"}],"about":[{"href":"https:\/\/www.techmira.com\/cleanyteeth\/wp-json\/wp\/v2\/types\/product"}],"wp:featuredmedia":[{"embeddable":true,"href":"https:\/\/www.techmira.com\/cleanyteeth\/wp-json\/wp\/v2\/media\/3060"}],"wp:attachment":[{"href":"https:\/\/www.techmira.com\/cleanyteeth\/wp-json\/wp\/v2\/media?parent=1938"}],"wp:term":[{"taxonomy":"product_brand","embeddable":true,"href":"https:\/\/www.techmira.com\/cleanyteeth\/wp-json\/wp\/v2\/product_brand?post=1938"},{"taxonomy":"product_cat","embeddable":true,"href":"https:\/\/www.techmira.com\/cleanyteeth\/wp-json\/wp\/v2\/product_cat?post=1938"},{"taxonomy":"product_tag","embeddable":true,"href":"https:\/\/www.techmira.com\/cleanyteeth\/wp-json\/wp\/v2\/product_tag?post=1938"}],"curies":[{"name":"wp","href":"https:\/\/api.w.org\/{rel}","templated":true}]}}