{"id":2146,"date":"2020-06-26T12:44:08","date_gmt":"2020-06-26T10:44:08","guid":{"rendered":"https:\/\/www.techmira.com\/mira-teeth-ch\/?post_type=product&#038;p=2146"},"modified":"2025-05-07T11:42:19","modified_gmt":"2025-05-07T09:42:19","slug":"mira-teeth-buerstenkoepfe-4er-pack","status":"publish","type":"product","link":"https:\/\/www.techmira.com\/mira-teeth-ch\/mira-teeth-ch\/mira-teeth-buerstenkoepfe-4er-pack\/","title":{"rendered":"Mira-Teeth Einer-B\u00fcrstenk\u00f6pfe 4er Pack"},"content":{"rendered":"<p>4er Packung: Reicht f\u00fcr 12 Monate (alle 3 Monate sollte der B\u00fcrstenkopf ausgetauscht werden)<\/p>\n","protected":false},"excerpt":{"rendered":"<h3>Die Packung enth\u00e4lt<br \/>\n4x Einer-B\u00fcrstenkopf (Ersatzk\u00f6pfe)<\/h3>\n<p>Bitte B\u00fcrstenkopf sp\u00e4testens alle drei Monate tauschen.<br \/>\nDie Packung reicht entsprechend f\u00fcr bis zu 12 Monaten.<\/p>\n","protected":false},"featured_media":2152,"template":"","meta":{"_acf_changed":false},"product_brand":[],"product_cat":[39],"product_tag":[],"class_list":{"0":"post-2146","1":"product","2":"type-product","3":"status-publish","4":"has-post-thumbnail","6":"product_cat-mira-teeth-ch","8":"first","9":"outofstock","10":"shipping-taxable","11":"purchasable","12":"product-type-simple"},"acf":[],"yoast_head":"<!-- This site is optimized with the Yoast SEO plugin v26.3 - https:\/\/yoast.com\/wordpress\/plugins\/seo\/ -->\n<title>Mira-Teeth Einer-B\u00fcrstenk\u00f6pfe 4er Pack - Mira-Teeth CH<\/title>\n<meta name=\"robots\" content=\"index, follow, max-snippet:-1, max-image-preview:large, max-video-preview:-1\" \/>\n<link rel=\"canonical\" href=\"https:\/\/www.techmira.com\/mira-teeth-ch\/mira-teeth-ch\/mira-teeth-buerstenkoepfe-4er-pack\/\" \/>\n<meta property=\"og:locale\" content=\"de_DE\" \/>\n<meta property=\"og:type\" content=\"article\" \/>\n<meta property=\"og:title\" content=\"Mira-Teeth Einer-B\u00fcrstenk\u00f6pfe 4er Pack - Mira-Teeth CH\" \/>\n<meta property=\"og:description\" content=\"Die Packung enth\u00e4lt 4x Einer-B\u00fcrstenkopf (Ersatzk\u00f6pfe) Bitte B\u00fcrstenkopf sp\u00e4testens alle drei Monate tauschen. Die Packung reicht entsprechend f\u00fcr bis zu 12 Monaten.\" \/>\n<meta property=\"og:url\" content=\"https:\/\/www.techmira.com\/mira-teeth-ch\/mira-teeth-ch\/mira-teeth-buerstenkoepfe-4er-pack\/\" \/>\n<meta property=\"og:site_name\" content=\"Mira-Teeth CH\" \/>\n<meta property=\"article:publisher\" content=\"https:\/\/www.facebook.com\/mirapet.international\/\" \/>\n<meta property=\"article:modified_time\" content=\"2025-05-07T09:42:19+00:00\" \/>\n<meta property=\"og:image\" content=\"https:\/\/www.techmira.com\/mira-teeth-ch\/wp-content\/uploads\/sites\/13\/2020\/06\/mira-teeth_cleanyteeth_einer-buerstenkopf_de_1000px_1.jpg\" \/>\n\t<meta property=\"og:image:width\" content=\"1000\" \/>\n\t<meta property=\"og:image:height\" content=\"1000\" \/>\n\t<meta property=\"og:image:type\" content=\"image\/jpeg\" \/>\n<meta name=\"twitter:card\" content=\"summary_large_image\" \/>\n<script type=\"application\/ld+json\" class=\"yoast-schema-graph\">{\"@context\":\"https:\/\/schema.org\",\"@graph\":[{\"@type\":\"WebPage\",\"@id\":\"https:\/\/www.techmira.com\/mira-teeth-ch\/mira-teeth-ch\/mira-teeth-buerstenkoepfe-4er-pack\/\",\"url\":\"https:\/\/www.techmira.com\/mira-teeth-ch\/mira-teeth-ch\/mira-teeth-buerstenkoepfe-4er-pack\/\",\"name\":\"Mira-Teeth Einer-B\u00fcrstenk\u00f6pfe 4er Pack - Mira-Teeth CH\",\"isPartOf\":{\"@id\":\"https:\/\/www.techmira.com\/mira-teeth-ch\/#website\"},\"primaryImageOfPage\":{\"@id\":\"https:\/\/www.techmira.com\/mira-teeth-ch\/mira-teeth-ch\/mira-teeth-buerstenkoepfe-4er-pack\/#primaryimage\"},\"image\":{\"@id\":\"https:\/\/www.techmira.com\/mira-teeth-ch\/mira-teeth-ch\/mira-teeth-buerstenkoepfe-4er-pack\/#primaryimage\"},\"thumbnailUrl\":\"https:\/\/www.techmira.com\/mira-teeth-ch\/wp-content\/uploads\/sites\/13\/2020\/06\/mira-teeth_cleanyteeth_einer-buerstenkopf_de_1000px_1.jpg\",\"datePublished\":\"2020-06-26T10:44:08+00:00\",\"dateModified\":\"2025-05-07T09:42:19+00:00\",\"breadcrumb\":{\"@id\":\"https:\/\/www.techmira.com\/mira-teeth-ch\/mira-teeth-ch\/mira-teeth-buerstenkoepfe-4er-pack\/#breadcrumb\"},\"inLanguage\":\"de\",\"potentialAction\":[{\"@type\":\"ReadAction\",\"target\":[\"https:\/\/www.techmira.com\/mira-teeth-ch\/mira-teeth-ch\/mira-teeth-buerstenkoepfe-4er-pack\/\"]}]},{\"@type\":\"ImageObject\",\"inLanguage\":\"de\",\"@id\":\"https:\/\/www.techmira.com\/mira-teeth-ch\/mira-teeth-ch\/mira-teeth-buerstenkoepfe-4er-pack\/#primaryimage\",\"url\":\"https:\/\/www.techmira.com\/mira-teeth-ch\/wp-content\/uploads\/sites\/13\/2020\/06\/mira-teeth_cleanyteeth_einer-buerstenkopf_de_1000px_1.jpg\",\"contentUrl\":\"https:\/\/www.techmira.com\/mira-teeth-ch\/wp-content\/uploads\/sites\/13\/2020\/06\/mira-teeth_cleanyteeth_einer-buerstenkopf_de_1000px_1.jpg\",\"width\":1000,\"height\":1000},{\"@type\":\"BreadcrumbList\",\"@id\":\"https:\/\/www.techmira.com\/mira-teeth-ch\/mira-teeth-ch\/mira-teeth-buerstenkoepfe-4er-pack\/#breadcrumb\",\"itemListElement\":[{\"@type\":\"ListItem\",\"position\":1,\"name\":\"Shop\",\"item\":\"https:\/\/www.techmira.com\/mira-teeth-ch\/mira-teeth-ch\/\"},{\"@type\":\"ListItem\",\"position\":2,\"name\":\"Mira-Teeth Einer-B\u00fcrstenk\u00f6pfe 4er Pack\"}]},{\"@type\":\"WebSite\",\"@id\":\"https:\/\/www.techmira.com\/mira-teeth-ch\/#website\",\"url\":\"https:\/\/www.techmira.com\/mira-teeth-ch\/\",\"name\":\"Mira-Teeth CH\",\"description\":\"\",\"potentialAction\":[{\"@type\":\"SearchAction\",\"target\":{\"@type\":\"EntryPoint\",\"urlTemplate\":\"https:\/\/www.techmira.com\/mira-teeth-ch\/?s={search_term_string}\"},\"query-input\":{\"@type\":\"PropertyValueSpecification\",\"valueRequired\":true,\"valueName\":\"search_term_string\"}}],\"inLanguage\":\"de\"}]}<\/script>\n<!-- \/ Yoast SEO plugin. -->","yoast_head_json":{"title":"Mira-Teeth Einer-B\u00fcrstenk\u00f6pfe 4er Pack - Mira-Teeth CH","robots":{"index":"index","follow":"follow","max-snippet":"max-snippet:-1","max-image-preview":"max-image-preview:large","max-video-preview":"max-video-preview:-1"},"canonical":"https:\/\/www.techmira.com\/mira-teeth-ch\/mira-teeth-ch\/mira-teeth-buerstenkoepfe-4er-pack\/","og_locale":"de_DE","og_type":"article","og_title":"Mira-Teeth Einer-B\u00fcrstenk\u00f6pfe 4er Pack - Mira-Teeth CH","og_description":"Die Packung enth\u00e4lt 4x Einer-B\u00fcrstenkopf (Ersatzk\u00f6pfe) Bitte B\u00fcrstenkopf sp\u00e4testens alle drei Monate tauschen. Die Packung reicht entsprechend f\u00fcr bis zu 12 Monaten.","og_url":"https:\/\/www.techmira.com\/mira-teeth-ch\/mira-teeth-ch\/mira-teeth-buerstenkoepfe-4er-pack\/","og_site_name":"Mira-Teeth CH","article_publisher":"https:\/\/www.facebook.com\/mirapet.international\/","article_modified_time":"2025-05-07T09:42:19+00:00","og_image":[{"width":1000,"height":1000,"url":"https:\/\/www.techmira.com\/mira-teeth-ch\/wp-content\/uploads\/sites\/13\/2020\/06\/mira-teeth_cleanyteeth_einer-buerstenkopf_de_1000px_1.jpg","type":"image\/jpeg"}],"twitter_card":"summary_large_image","schema":{"@context":"https:\/\/schema.org","@graph":[{"@type":"WebPage","@id":"https:\/\/www.techmira.com\/mira-teeth-ch\/mira-teeth-ch\/mira-teeth-buerstenkoepfe-4er-pack\/","url":"https:\/\/www.techmira.com\/mira-teeth-ch\/mira-teeth-ch\/mira-teeth-buerstenkoepfe-4er-pack\/","name":"Mira-Teeth Einer-B\u00fcrstenk\u00f6pfe 4er Pack - Mira-Teeth CH","isPartOf":{"@id":"https:\/\/www.techmira.com\/mira-teeth-ch\/#website"},"primaryImageOfPage":{"@id":"https:\/\/www.techmira.com\/mira-teeth-ch\/mira-teeth-ch\/mira-teeth-buerstenkoepfe-4er-pack\/#primaryimage"},"image":{"@id":"https:\/\/www.techmira.com\/mira-teeth-ch\/mira-teeth-ch\/mira-teeth-buerstenkoepfe-4er-pack\/#primaryimage"},"thumbnailUrl":"https:\/\/www.techmira.com\/mira-teeth-ch\/wp-content\/uploads\/sites\/13\/2020\/06\/mira-teeth_cleanyteeth_einer-buerstenkopf_de_1000px_1.jpg","datePublished":"2020-06-26T10:44:08+00:00","dateModified":"2025-05-07T09:42:19+00:00","breadcrumb":{"@id":"https:\/\/www.techmira.com\/mira-teeth-ch\/mira-teeth-ch\/mira-teeth-buerstenkoepfe-4er-pack\/#breadcrumb"},"inLanguage":"de","potentialAction":[{"@type":"ReadAction","target":["https:\/\/www.techmira.com\/mira-teeth-ch\/mira-teeth-ch\/mira-teeth-buerstenkoepfe-4er-pack\/"]}]},{"@type":"ImageObject","inLanguage":"de","@id":"https:\/\/www.techmira.com\/mira-teeth-ch\/mira-teeth-ch\/mira-teeth-buerstenkoepfe-4er-pack\/#primaryimage","url":"https:\/\/www.techmira.com\/mira-teeth-ch\/wp-content\/uploads\/sites\/13\/2020\/06\/mira-teeth_cleanyteeth_einer-buerstenkopf_de_1000px_1.jpg","contentUrl":"https:\/\/www.techmira.com\/mira-teeth-ch\/wp-content\/uploads\/sites\/13\/2020\/06\/mira-teeth_cleanyteeth_einer-buerstenkopf_de_1000px_1.jpg","width":1000,"height":1000},{"@type":"BreadcrumbList","@id":"https:\/\/www.techmira.com\/mira-teeth-ch\/mira-teeth-ch\/mira-teeth-buerstenkoepfe-4er-pack\/#breadcrumb","itemListElement":[{"@type":"ListItem","position":1,"name":"Shop","item":"https:\/\/www.techmira.com\/mira-teeth-ch\/mira-teeth-ch\/"},{"@type":"ListItem","position":2,"name":"Mira-Teeth Einer-B\u00fcrstenk\u00f6pfe 4er Pack"}]},{"@type":"WebSite","@id":"https:\/\/www.techmira.com\/mira-teeth-ch\/#website","url":"https:\/\/www.techmira.com\/mira-teeth-ch\/","name":"Mira-Teeth CH","description":"","potentialAction":[{"@type":"SearchAction","target":{"@type":"EntryPoint","urlTemplate":"https:\/\/www.techmira.com\/mira-teeth-ch\/?s={search_term_string}"},"query-input":{"@type":"PropertyValueSpecification","valueRequired":true,"valueName":"search_term_string"}}],"inLanguage":"de"}]}},"_links":{"self":[{"href":"https:\/\/www.techmira.com\/mira-teeth-ch\/wp-json\/wp\/v2\/product\/2146","targetHints":{"allow":["GET"]}}],"collection":[{"href":"https:\/\/www.techmira.com\/mira-teeth-ch\/wp-json\/wp\/v2\/product"}],"about":[{"href":"https:\/\/www.techmira.com\/mira-teeth-ch\/wp-json\/wp\/v2\/types\/product"}],"wp:featuredmedia":[{"embeddable":true,"href":"https:\/\/www.techmira.com\/mira-teeth-ch\/wp-json\/wp\/v2\/media\/2152"}],"wp:attachment":[{"href":"https:\/\/www.techmira.com\/mira-teeth-ch\/wp-json\/wp\/v2\/media?parent=2146"}],"wp:term":[{"taxonomy":"product_brand","embeddable":true,"href":"https:\/\/www.techmira.com\/mira-teeth-ch\/wp-json\/wp\/v2\/product_brand?post=2146"},{"taxonomy":"product_cat","embeddable":true,"href":"https:\/\/www.techmira.com\/mira-teeth-ch\/wp-json\/wp\/v2\/product_cat?post=2146"},{"taxonomy":"product_tag","embeddable":true,"href":"https:\/\/www.techmira.com\/mira-teeth-ch\/wp-json\/wp\/v2\/product_tag?post=2146"}],"curies":[{"name":"wp","href":"https:\/\/api.w.org\/{rel}","templated":true}]}}