{"id":2147,"date":"2020-06-26T12:45:00","date_gmt":"2020-06-26T10:45:00","guid":{"rendered":"https:\/\/www.techmira.com\/mira-teeth-ch\/?post_type=product&#038;p=2147"},"modified":"2025-05-07T11:42:16","modified_gmt":"2025-05-07T09:42:16","slug":"peroxidfreies-aufhellungskit","status":"publish","type":"product","link":"https:\/\/www.techmira.com\/mira-teeth-ch\/mira-teeth-ch\/peroxidfreies-aufhellungskit\/","title":{"rendered":"Peroxidfreies Aufhellungskit"},"content":{"rendered":"<p><strong>Zahnaufhellung um bis zu f\u00fcnf Farbnuancen \u2013 sanft, sicher und peroxidfrei<\/strong><\/p>\n<ul>\n<li>Einfache Anwendung f\u00fcr Hause<\/li>\n<li>Ohne, dass das Zahnfleisch empfindlich wird<\/li>\n<\/ul>\n<p>Das Mira-Teeth Aufhellungskit kann <strong>auf zwei Arten eingesetzt werden<\/strong>: alleine oder in Verbindung mit der Mira-Teeth Ultraschall-Zahnb\u00fcrste.<\/p>\n<p>Das Mira-Teeth Aufhellungskit entfernt sanft mithilfe nat\u00fcrlicher Inhaltsstoffe Zahnflecken, die durch Nikotin, Kaffee, Tee, Rotwein und Softdrinks verursacht werden. Das Ergebnis sind weissere Z\u00e4hne (um bis zu f\u00fcnf Farbt\u00f6ne).<\/p>\n<p><strong>Wie beim Zahnarzt, nur erschwinglicher und mit sicheren Substanzen. <\/strong><\/p>\n<p>Das Mira-Teeth Aufhellungskit ist frei von Peroxid und anderen aggressiven Substanzen. Sie k\u00f6nnen es bequem und einfach zu Hause verwenden \u2013 OHNE, dass Z\u00e4hne oder Zahnfleisch empfindlich werden\u00a0gegen\u00fcber K\u00e4lte oder warmer Luft \/ Getr\u00e4nken \/ Essen. Einfach wunderbar!<\/p>\n<ul>\n<li>Schnelle Ergebnisse: nach 2-3 Sitzungen von jeweils ca. 10 Minuten<\/li>\n<li>Optimale Ergebnisse: Wiederholung der Behandlung f\u00fcr 8 &#8211; 10 Tage<\/li>\n<li>Empfehlung: Wenden Sie Mira-Teeth Aufhellungskit einmal pro Quartal an (bis zu 20 Tage)<\/li>\n<li><strong>Die Zahnaufhellung in Kombination mit der Mira-Teeth Ultraschall-Zahnb\u00fcrste steigert die Wirkung und liefert noch schneller Resultate in durchschnittlich 4 Minuten und ohne Silikon-Schienen. (Direktes Auftragen des Gels auf den Zahnb\u00fcrstenkopf)\u00a0<\/strong><\/li>\n<li>Aufhellung der Z\u00e4hne um bis zu f\u00fcnf Farbt\u00f6ne &#8211; keine Nebenwirkungen dank nat\u00fcrlicher Zahnaufhellung<\/li>\n<li>der nat\u00fcrlichen Weg, um Ihre Z\u00e4hne aufzuhellen<\/li>\n<li>einzigartige Kombination aktiver Wirkstoffe<\/li>\n<li>pH-Wert: 6,5 (entspricht dem pH-Wert von 7 in der Mundh\u00f6hle)<\/li>\n<li>entwickelt von einem renommierten Zahnarzt und Experten<\/li>\n<li>OHNE Peroxid-Bleichmittel<\/li>\n<\/ul>\n<p>Inhaltsstoffe des Aufhellungsgels: Glycerin, Natriumbikarbonat, Propylenglykol, Xylitol, Chondrus Crispus Powder, Sorbitol, Spirulina &#8211; Extrakt, Mentha piperita &#8211; \u00d6l, Natriumpercarbonat, Aloe arborescens Blatt Saft, Vaccinium Macrocarpon Seed Oil, Chamomilla recutita &#8211; Extrakt, Cocamidoprpyl Betaine.<\/p>\n","protected":false},"excerpt":{"rendered":"<p><strong>Weissere Z\u00e4hne innerhalb weniger Tage<br \/>\n(um bis zu f\u00fcnf Farbt\u00f6ne)<\/strong><\/p>\n<p>Das Vorher\/Nachher-Bild zeigt die Ergebnisse nach 2-3 Anwendungen von jeweils ca. 10 Minuten. F\u00fcr maximale Ergebnisse: Behandlung 8 &#8211; 10 x wiederholen.<\/p>\n<p>\u2714 15ml Aufhellungs-Gel<br \/>\n\u2714 2 weiche Silikon-Zahntabletts<br \/>\n\u2714 1 Farbschema<br \/>\n\u2714 Anleitung in Englisch und Deutsch<\/p>\n","protected":false},"featured_media":2748,"template":"","meta":{"_acf_changed":false},"product_brand":[],"product_cat":[39],"product_tag":[],"class_list":{"0":"post-2147","1":"product","2":"type-product","3":"status-publish","4":"has-post-thumbnail","6":"product_cat-mira-teeth-ch","8":"first","9":"outofstock","10":"shipping-taxable","11":"purchasable","12":"product-type-simple"},"acf":[],"yoast_head":"<!-- This site is optimized with the Yoast SEO plugin v26.3 - https:\/\/yoast.com\/wordpress\/plugins\/seo\/ -->\n<title>Peroxidfreies Aufhellungskit - Mira-Teeth CH<\/title>\n<meta name=\"robots\" content=\"index, follow, max-snippet:-1, max-image-preview:large, max-video-preview:-1\" \/>\n<link rel=\"canonical\" href=\"https:\/\/www.techmira.com\/mira-teeth-ch\/mira-teeth-ch\/peroxidfreies-aufhellungskit\/\" \/>\n<meta property=\"og:locale\" content=\"de_DE\" \/>\n<meta property=\"og:type\" content=\"article\" \/>\n<meta property=\"og:title\" content=\"Peroxidfreies Aufhellungskit - Mira-Teeth CH\" \/>\n<meta property=\"og:description\" content=\"Weissere Z\u00e4hne innerhalb weniger Tage (um bis zu f\u00fcnf Farbt\u00f6ne)  Das Vorher\/Nachher-Bild zeigt die Ergebnisse nach 2-3 Anwendungen von jeweils ca. 10 Minuten. F\u00fcr maximale Ergebnisse: Behandlung 8 - 10 x wiederholen.  \u2714 15ml Aufhellungs-Gel \u2714 2 weiche Silikon-Zahntabletts \u2714 1 Farbschema \u2714 Anleitung in Englisch und Deutsch\" \/>\n<meta property=\"og:url\" content=\"https:\/\/www.techmira.com\/mira-teeth-ch\/mira-teeth-ch\/peroxidfreies-aufhellungskit\/\" \/>\n<meta property=\"og:site_name\" content=\"Mira-Teeth CH\" \/>\n<meta property=\"article:publisher\" content=\"https:\/\/www.facebook.com\/mirapet.international\/\" \/>\n<meta property=\"article:modified_time\" content=\"2025-05-07T09:42:16+00:00\" \/>\n<meta property=\"og:image\" content=\"https:\/\/www.techmira.com\/mira-teeth-ch\/wp-content\/uploads\/sites\/13\/2020\/07\/mira-teeth_cleanyteeth_zahnaufhellung_1000px.jpg\" \/>\n\t<meta property=\"og:image:width\" content=\"1000\" \/>\n\t<meta property=\"og:image:height\" content=\"1000\" \/>\n\t<meta property=\"og:image:type\" content=\"image\/jpeg\" \/>\n<meta name=\"twitter:card\" content=\"summary_large_image\" \/>\n<meta name=\"twitter:label1\" content=\"Gesch\u00e4tzte Lesezeit\" \/>\n\t<meta name=\"twitter:data1\" content=\"1\u00a0Minute\" \/>\n<script type=\"application\/ld+json\" class=\"yoast-schema-graph\">{\"@context\":\"https:\/\/schema.org\",\"@graph\":[{\"@type\":\"WebPage\",\"@id\":\"https:\/\/www.techmira.com\/mira-teeth-ch\/mira-teeth-ch\/peroxidfreies-aufhellungskit\/\",\"url\":\"https:\/\/www.techmira.com\/mira-teeth-ch\/mira-teeth-ch\/peroxidfreies-aufhellungskit\/\",\"name\":\"Peroxidfreies Aufhellungskit - Mira-Teeth CH\",\"isPartOf\":{\"@id\":\"https:\/\/www.techmira.com\/mira-teeth-ch\/#website\"},\"primaryImageOfPage\":{\"@id\":\"https:\/\/www.techmira.com\/mira-teeth-ch\/mira-teeth-ch\/peroxidfreies-aufhellungskit\/#primaryimage\"},\"image\":{\"@id\":\"https:\/\/www.techmira.com\/mira-teeth-ch\/mira-teeth-ch\/peroxidfreies-aufhellungskit\/#primaryimage\"},\"thumbnailUrl\":\"https:\/\/www.techmira.com\/mira-teeth-ch\/wp-content\/uploads\/sites\/13\/2020\/07\/mira-teeth_cleanyteeth_zahnaufhellung_1000px.jpg\",\"datePublished\":\"2020-06-26T10:45:00+00:00\",\"dateModified\":\"2025-05-07T09:42:16+00:00\",\"breadcrumb\":{\"@id\":\"https:\/\/www.techmira.com\/mira-teeth-ch\/mira-teeth-ch\/peroxidfreies-aufhellungskit\/#breadcrumb\"},\"inLanguage\":\"de\",\"potentialAction\":[{\"@type\":\"ReadAction\",\"target\":[\"https:\/\/www.techmira.com\/mira-teeth-ch\/mira-teeth-ch\/peroxidfreies-aufhellungskit\/\"]}]},{\"@type\":\"ImageObject\",\"inLanguage\":\"de\",\"@id\":\"https:\/\/www.techmira.com\/mira-teeth-ch\/mira-teeth-ch\/peroxidfreies-aufhellungskit\/#primaryimage\",\"url\":\"https:\/\/www.techmira.com\/mira-teeth-ch\/wp-content\/uploads\/sites\/13\/2020\/07\/mira-teeth_cleanyteeth_zahnaufhellung_1000px.jpg\",\"contentUrl\":\"https:\/\/www.techmira.com\/mira-teeth-ch\/wp-content\/uploads\/sites\/13\/2020\/07\/mira-teeth_cleanyteeth_zahnaufhellung_1000px.jpg\",\"width\":1000,\"height\":1000},{\"@type\":\"BreadcrumbList\",\"@id\":\"https:\/\/www.techmira.com\/mira-teeth-ch\/mira-teeth-ch\/peroxidfreies-aufhellungskit\/#breadcrumb\",\"itemListElement\":[{\"@type\":\"ListItem\",\"position\":1,\"name\":\"Shop\",\"item\":\"https:\/\/www.techmira.com\/mira-teeth-ch\/mira-teeth-ch\/\"},{\"@type\":\"ListItem\",\"position\":2,\"name\":\"Peroxidfreies Aufhellungskit\"}]},{\"@type\":\"WebSite\",\"@id\":\"https:\/\/www.techmira.com\/mira-teeth-ch\/#website\",\"url\":\"https:\/\/www.techmira.com\/mira-teeth-ch\/\",\"name\":\"Mira-Teeth CH\",\"description\":\"\",\"potentialAction\":[{\"@type\":\"SearchAction\",\"target\":{\"@type\":\"EntryPoint\",\"urlTemplate\":\"https:\/\/www.techmira.com\/mira-teeth-ch\/?s={search_term_string}\"},\"query-input\":{\"@type\":\"PropertyValueSpecification\",\"valueRequired\":true,\"valueName\":\"search_term_string\"}}],\"inLanguage\":\"de\"}]}<\/script>\n<!-- \/ Yoast SEO plugin. -->","yoast_head_json":{"title":"Peroxidfreies Aufhellungskit - Mira-Teeth CH","robots":{"index":"index","follow":"follow","max-snippet":"max-snippet:-1","max-image-preview":"max-image-preview:large","max-video-preview":"max-video-preview:-1"},"canonical":"https:\/\/www.techmira.com\/mira-teeth-ch\/mira-teeth-ch\/peroxidfreies-aufhellungskit\/","og_locale":"de_DE","og_type":"article","og_title":"Peroxidfreies Aufhellungskit - Mira-Teeth CH","og_description":"Weissere Z\u00e4hne innerhalb weniger Tage (um bis zu f\u00fcnf Farbt\u00f6ne)  Das Vorher\/Nachher-Bild zeigt die Ergebnisse nach 2-3 Anwendungen von jeweils ca. 10 Minuten. F\u00fcr maximale Ergebnisse: Behandlung 8 - 10 x wiederholen.  \u2714 15ml Aufhellungs-Gel \u2714 2 weiche Silikon-Zahntabletts \u2714 1 Farbschema \u2714 Anleitung in Englisch und Deutsch","og_url":"https:\/\/www.techmira.com\/mira-teeth-ch\/mira-teeth-ch\/peroxidfreies-aufhellungskit\/","og_site_name":"Mira-Teeth CH","article_publisher":"https:\/\/www.facebook.com\/mirapet.international\/","article_modified_time":"2025-05-07T09:42:16+00:00","og_image":[{"width":1000,"height":1000,"url":"https:\/\/www.techmira.com\/mira-teeth-ch\/wp-content\/uploads\/sites\/13\/2020\/07\/mira-teeth_cleanyteeth_zahnaufhellung_1000px.jpg","type":"image\/jpeg"}],"twitter_card":"summary_large_image","twitter_misc":{"Gesch\u00e4tzte Lesezeit":"1\u00a0Minute"},"schema":{"@context":"https:\/\/schema.org","@graph":[{"@type":"WebPage","@id":"https:\/\/www.techmira.com\/mira-teeth-ch\/mira-teeth-ch\/peroxidfreies-aufhellungskit\/","url":"https:\/\/www.techmira.com\/mira-teeth-ch\/mira-teeth-ch\/peroxidfreies-aufhellungskit\/","name":"Peroxidfreies Aufhellungskit - Mira-Teeth CH","isPartOf":{"@id":"https:\/\/www.techmira.com\/mira-teeth-ch\/#website"},"primaryImageOfPage":{"@id":"https:\/\/www.techmira.com\/mira-teeth-ch\/mira-teeth-ch\/peroxidfreies-aufhellungskit\/#primaryimage"},"image":{"@id":"https:\/\/www.techmira.com\/mira-teeth-ch\/mira-teeth-ch\/peroxidfreies-aufhellungskit\/#primaryimage"},"thumbnailUrl":"https:\/\/www.techmira.com\/mira-teeth-ch\/wp-content\/uploads\/sites\/13\/2020\/07\/mira-teeth_cleanyteeth_zahnaufhellung_1000px.jpg","datePublished":"2020-06-26T10:45:00+00:00","dateModified":"2025-05-07T09:42:16+00:00","breadcrumb":{"@id":"https:\/\/www.techmira.com\/mira-teeth-ch\/mira-teeth-ch\/peroxidfreies-aufhellungskit\/#breadcrumb"},"inLanguage":"de","potentialAction":[{"@type":"ReadAction","target":["https:\/\/www.techmira.com\/mira-teeth-ch\/mira-teeth-ch\/peroxidfreies-aufhellungskit\/"]}]},{"@type":"ImageObject","inLanguage":"de","@id":"https:\/\/www.techmira.com\/mira-teeth-ch\/mira-teeth-ch\/peroxidfreies-aufhellungskit\/#primaryimage","url":"https:\/\/www.techmira.com\/mira-teeth-ch\/wp-content\/uploads\/sites\/13\/2020\/07\/mira-teeth_cleanyteeth_zahnaufhellung_1000px.jpg","contentUrl":"https:\/\/www.techmira.com\/mira-teeth-ch\/wp-content\/uploads\/sites\/13\/2020\/07\/mira-teeth_cleanyteeth_zahnaufhellung_1000px.jpg","width":1000,"height":1000},{"@type":"BreadcrumbList","@id":"https:\/\/www.techmira.com\/mira-teeth-ch\/mira-teeth-ch\/peroxidfreies-aufhellungskit\/#breadcrumb","itemListElement":[{"@type":"ListItem","position":1,"name":"Shop","item":"https:\/\/www.techmira.com\/mira-teeth-ch\/mira-teeth-ch\/"},{"@type":"ListItem","position":2,"name":"Peroxidfreies Aufhellungskit"}]},{"@type":"WebSite","@id":"https:\/\/www.techmira.com\/mira-teeth-ch\/#website","url":"https:\/\/www.techmira.com\/mira-teeth-ch\/","name":"Mira-Teeth CH","description":"","potentialAction":[{"@type":"SearchAction","target":{"@type":"EntryPoint","urlTemplate":"https:\/\/www.techmira.com\/mira-teeth-ch\/?s={search_term_string}"},"query-input":{"@type":"PropertyValueSpecification","valueRequired":true,"valueName":"search_term_string"}}],"inLanguage":"de"}]}},"_links":{"self":[{"href":"https:\/\/www.techmira.com\/mira-teeth-ch\/wp-json\/wp\/v2\/product\/2147","targetHints":{"allow":["GET"]}}],"collection":[{"href":"https:\/\/www.techmira.com\/mira-teeth-ch\/wp-json\/wp\/v2\/product"}],"about":[{"href":"https:\/\/www.techmira.com\/mira-teeth-ch\/wp-json\/wp\/v2\/types\/product"}],"wp:featuredmedia":[{"embeddable":true,"href":"https:\/\/www.techmira.com\/mira-teeth-ch\/wp-json\/wp\/v2\/media\/2748"}],"wp:attachment":[{"href":"https:\/\/www.techmira.com\/mira-teeth-ch\/wp-json\/wp\/v2\/media?parent=2147"}],"wp:term":[{"taxonomy":"product_brand","embeddable":true,"href":"https:\/\/www.techmira.com\/mira-teeth-ch\/wp-json\/wp\/v2\/product_brand?post=2147"},{"taxonomy":"product_cat","embeddable":true,"href":"https:\/\/www.techmira.com\/mira-teeth-ch\/wp-json\/wp\/v2\/product_cat?post=2147"},{"taxonomy":"product_tag","embeddable":true,"href":"https:\/\/www.techmira.com\/mira-teeth-ch\/wp-json\/wp\/v2\/product_tag?post=2147"}],"curies":[{"name":"wp","href":"https:\/\/api.w.org\/{rel}","templated":true}]}}